{"id":211,"date":"2023-01-20T17:54:59","date_gmt":"2023-01-20T16:54:59","guid":{"rendered":"https:\/\/dermofigital.es\/?page_id=211"},"modified":"2024-12-28T14:03:19","modified_gmt":"2024-12-28T13:03:19","slug":"politica-de-cookies","status":"publish","type":"page","link":"https:\/\/dermofigital.es\/index.php\/politica-de-cookies\/","title":{"rendered":"Pol\u00edtica de cookies"},"content":{"rendered":"\n<p>Utilizamos Cookies propias y de terceros para mejorar nuestros servicios y mostrarle publicidad relacionada con sus preferencias mediante el an\u00e1lisis de sus h\u00e1bitos de navegaci\u00f3n. Puede obtener m\u00e1s informaci\u00f3n acerca de nuestra Pol\u00edtica de Cookies accediendo al link del mismo nombre incluido en todas nuestras p\u00e1ginas de navegaci\u00f3n.<\/p>\n\n\n\n<ol class=\"wp-block-list\">\n<li>Podemos recabar informaci\u00f3n sobre su ordenador, incluido, en su caso, su direcci\u00f3n de IP, sistema operativo y tipo de navegador, para la administraci\u00f3n del sistema. Se trata de datos estad\u00edsticos sobre c\u00f3mo navegas por nuestro sitio Web.<\/li>\n\n\n\n<li>Por la misma raz\u00f3n, podemos obtener informaci\u00f3n sobre su uso general en nuestra tienda mediante un archivo de cookies que se almacena en el disco duro de su ordenador. Las cookies contienen informaci\u00f3n que se transfiere al disco duro de su ordenador.<\/li>\n\n\n\n<li>Las cookies nos ayudan a mejorar nuestro sitio Web y a prestar un servicio mejor y m\u00e1s personalizado. En concreto, nos permiten:\n<ol class=\"wp-block-list\">\n<li>Hacer una estimaci\u00f3n sobre n\u00fameros y patrones de uso.<\/li>\n\n\n\n<li>Almacenar informaci\u00f3n acerca de sus preferencias y personalizar nuestro sitio web de conformidad con sus intereses individuales.<\/li>\n\n\n\n<li>Acelerar sus b\u00fasquedas.<\/li>\n\n\n\n<li>Reconocerle cuando regrese de nuevo a nuestro sitio.<\/li>\n<\/ol>\n<\/li>\n\n\n\n<li>Puede negarse a aceptar cookies activando la configuraci\u00f3n en su navegador que permite rechazar las cookies. No obstante, si selecciona esta configuraci\u00f3n, quiz\u00e1 no pueda acceder a determinadas partes del Sitio Web o no pueda aprovecharse de alguno de nuestros servicios. A menos que haya ajustado la configuraci\u00f3n de su navegador de forma que rechace cookies, nuestro sistema producir\u00e1 cookies cuando se conecte a nuestro sitio.<\/li>\n\n\n\n<li>\u00bfC\u00f3mo puedo desactivar las cookies?<\/li>\n\n\n\n<li>La mayor\u00eda de los navegadores indican c\u00f3mo configurar su navegador para que no acepte cookies, para que le notifique cada vez que reciba una nueva cookie, as\u00ed como para desactivarlas completamente. Para controlar qu\u00e9 uso quiere que se haga de su informaci\u00f3n, puede configurar el navegador de su terminal en la forma que estime m\u00e1s conveniente para Vd. Le indicamos los siguientes enlaces, donde podr\u00e1 encontrar m\u00e1s informaci\u00f3n sobre los diferentes navegadores:\n<ol class=\"wp-block-list\">\n<li>Chrome: <a href=\"https:\/\/www.google.es\/intl\/es\/policies\/technologies\/managing\/\" target=\"_blank\" rel=\"noreferrer noopener\">https:\/\/www.google.es\/intl\/es\/policies<\/a><\/li>\n\n\n\n<li>Explorer: <a href=\"http:\/\/windows.microsoft.com\/es-es\/windows7\/how-to-manage-cookies-ininternet-explorer-9\" target=\"_blank\" rel=\"noreferrer noopener\">http:\/\/windows.microsoft.com\/es-es\/windows7\/how-to-manage-cookies-ininternet-explorer-9<\/a><\/li>\n\n\n\n<li>Firefox: <a href=\"https:\/\/support.mozilla.org\/es\/kb\/habilitar-y-deshabilitar-cookies-sitios-web-rastrear-preferencias\">https:\/\/support.mozilla.org\/es\/kb\/habilitar-y-deshabilitar-cookies-sitios-web-rastrear-preferencias<\/a><\/li>\n\n\n\n<li>Safari: <a href=\"http:\/\/support.apple.com\/kb\/ph5042\" target=\"_blank\" rel=\"noreferrer noopener\">http:\/\/support.apple.com\/kb\/ph5042<\/a><\/li>\n\n\n\n<li>Opera: <a href=\"http:\/\/www.opera.com\/help\/tutorials\/security\/privacy\/\" target=\"_blank\" rel=\"noreferrer noopener\">http:\/\/www.opera.com\/help<\/a><\/li>\n<\/ol>\n<\/li>\n<\/ol>\n\n\n\n<p>Si no desea ser rastreado por las cookies de Google Analytics, Google ha desarrollado un complemento para instalar en su navegador al que puede acceder en el siguiente enlace: <a href=\"http:\/\/goo.gl\/up4ND\">http:\/\/goo.gl\/up4ND<\/a><\/p>\n","protected":false},"excerpt":{"rendered":"<p>Utilizamos Cookies propias y de terceros para mejorar nuestros servicios y mostrarle publicidad relacionada con sus preferencias mediante el an\u00e1lisis de sus h\u00e1bitos de navegaci\u00f3n. Puede obtener m\u00e1s informaci\u00f3n acerca [&hellip;]<\/p>\n","protected":false},"author":1,"featured_media":0,"parent":0,"menu_order":0,"comment_status":"closed","ping_status":"closed","template":"","meta":{"_price":"","_stock":"","_tribe_ticket_header":"","_tribe_default_ticket_provider":"","_ticket_start_date":"","_ticket_end_date":"","_tribe_ticket_show_description":"","_tribe_ticket_show_not_going":false,"_tribe_ticket_use_global_stock":"","_tribe_ticket_global_stock_level":"","_global_stock_mode":"","_global_stock_cap":"","_tribe_rsvp_for_event":"","_tribe_ticket_going_count":"","_tribe_ticket_not_going_count":"","_tribe_tickets_list":"[]","_tribe_ticket_has_attendee_info_fields":false,"_EventAllDay":false,"_EventTimezone":"","_EventStartDate":"","_EventEndDate":"","_EventStartDateUTC":"","_EventEndDateUTC":"","_EventShowMap":false,"_EventShowMapLink":false,"_EventURL":"","_EventCost":"","_EventCostDescription":"","_EventCurrencySymbol":"","_EventCurrencyCode":"","_EventCurrencyPosition":"","_EventDateTimeSeparator":"","_EventTimeRangeSeparator":"","_EventOrganizerID":[],"_EventVenueID":[],"_OrganizerEmail":"","_OrganizerPhone":"","_OrganizerWebsite":"","_VenueAddress":"","_VenueCity":"","_VenueCountry":"","_VenueProvince":"","_VenueState":"","_VenueZip":"","_VenuePhone":"","_VenueURL":"","_VenueStateProvince":"","_VenueLat":"","_VenueLng":"","_VenueShowMap":false,"_VenueShowMapLink":false,"footnotes":"","_tec_slr_enabled":"","_tec_slr_layout":""},"class_list":["post-211","page","type-page","status-publish","hentry"],"ticketed":false,"_links":{"self":[{"href":"https:\/\/dermofigital.es\/index.php\/wp-json\/wp\/v2\/pages\/211","targetHints":{"allow":["GET"]}}],"collection":[{"href":"https:\/\/dermofigital.es\/index.php\/wp-json\/wp\/v2\/pages"}],"about":[{"href":"https:\/\/dermofigital.es\/index.php\/wp-json\/wp\/v2\/types\/page"}],"author":[{"embeddable":true,"href":"https:\/\/dermofigital.es\/index.php\/wp-json\/wp\/v2\/users\/1"}],"replies":[{"embeddable":true,"href":"https:\/\/dermofigital.es\/index.php\/wp-json\/wp\/v2\/comments?post=211"}],"version-history":[{"count":1,"href":"https:\/\/dermofigital.es\/index.php\/wp-json\/wp\/v2\/pages\/211\/revisions"}],"predecessor-version":[{"id":212,"href":"https:\/\/dermofigital.es\/index.php\/wp-json\/wp\/v2\/pages\/211\/revisions\/212"}],"wp:attachment":[{"href":"https:\/\/dermofigital.es\/index.php\/wp-json\/wp\/v2\/media?parent=211"}],"curies":[{"name":"wp","href":"https:\/\/api.w.org\/{rel}","templated":true}]}}